{"id":23699,"date":"2024-02-11T14:10:20","date_gmt":"2024-02-11T14:10:20","guid":{"rendered":"https:\/\/sylencia.lt\/my-profile\/"},"modified":"2024-04-23T16:35:19","modified_gmt":"2024-04-23T16:35:19","slug":"my-profile","status":"publish","type":"page","link":"https:\/\/sylencia.lt\/en\/my-profile\/","title":{"rendered":"My Profile"},"content":{"rendered":"<div class=\"woocommerce\"><div class=\"woocommerce-notices-wrapper\"><\/div>\n\n<div class=\"row\" id=\"customer_login\">\n\n\t<div class=\"col-md-5\">\n\n\t\t\n\t\t<div class=\"woocommerce-form-wrap woocommerce-form-has-background woocommerce-form-login-wrap\">\n\n\t\t\t<h2>Sign In<\/h2>\n\n\t\t\t<form class=\"woocommerce-form woocommerce-form-login login\" method=\"post\" novalidate>\n\n\t\t\t\t\n\t\t\t\t<p class=\"woocommerce-form-row woocommerce-form-row--wide form-row form-row-wide\">\n\t\t\t\t\t<label for=\"username\">Username or email&nbsp;<span\n\t\t\t\t\t\t\tclass=\"required\">*<\/span><span class=\"screen-reader-text\">Required<\/span><\/label>\n\t\t\t\t\t<input type=\"text\" class=\"woocommerce-Input woocommerce-Input--text input-text\" name=\"username\"\n\t\t\t\t\t       id=\"username\" autocomplete=\"username\"\n\t\t\t\t\t       value=\"\" required aria-required=\"true\"\/>\t\t\t\t<\/p>\n\t\t\t\t<p class=\"woocommerce-form-row woocommerce-form-row--wide form-row form-row-wide woocommerce-form-password\">\n\t\t\t\t\t<label for=\"password\">Password&nbsp;<span\n\t\t\t\t\t\t\tclass=\"required\">*<\/span><span class=\"screen-reader-text\">Required<\/span><\/label>\n\t\t\t\t\t<input class=\"woocommerce-Input woocommerce-Input--text input-text\" type=\"password\" name=\"password\"\n\t\t\t\t\t       id=\"password\" autocomplete=\"current-password\" required aria-required=\"true\"\/>\n\t\t\t\t<\/p>\n\n\t\t\t\t\n\t\t\t\t<div class=\"woocommerce-form-row woocommerce-form-row--wide form-row form-row-wide row-flex row-middle\">\n\t\t\t\t\t<div class=\"col-grow\">\n\t\t\t\t\t\t<label\n\t\t\t\t\t\t\tclass=\"woocommerce-form__label woocommerce-form__label-for-checkbox woocommerce-form-login__rememberme\">\n\t\t\t\t\t\t\t<input class=\"woocommerce-form__input woocommerce-form__input-checkbox\" name=\"rememberme\"\n\t\t\t\t\t\t\t       type=\"checkbox\" id=\"rememberme\" value=\"forever\"\/>\n\t\t\t\t\t\t\t<span>Stay signed in<\/span>\n\t\t\t\t\t\t<\/label>\n\t\t\t\t\t<\/div>\n\t\t\t\t\t<div class=\"col-shrink woocommerce-LostPassword lost_password\">\n\t\t\t\t\t\t<a href=\"https:\/\/sylencia.lt\/en\/my-profile\/lost-password\/\"\n\t\t\t\t\t\t   class=\"link-transition-02\">Forgot your password?<\/a>\n\t\t\t\t\t<\/div>\n\t\t\t\t<\/div>\n\n\t\t\t\t<input type=\"hidden\" id=\"woocommerce-login-nonce\" name=\"woocommerce-login-nonce\" value=\"030dfb0cb5\" \/><input type=\"hidden\" name=\"_wp_http_referer\" value=\"\/en\/wp-json\/wp\/v2\/pages\/23699\" \/>\t\t\t\t<button type=\"submit\" class=\"woocommerce-button button woocommerce-form-login__submit \" name=\"login\"\n\t\t\t\t        value=\"Log in\">Log in<\/button>\n\n\t\t\t\t\n\t\t\t<\/form>\n\n\t\t<\/div>\n\n\t\t\n\t<\/div>\n\n\t<div class=\"col-md-6 col-md-push-1\">\n\n\t\t<div class=\"woocommerce-form-wrap woocommerce-form-register-wrap\">\n\n\t\t\t<h2>Sign Up<\/h2>\n\n\t\t\t<form method=\"post\"\n\t\t\t      class=\"woocommerce-form woocommerce-form-register register\"  >\n\n\t\t\t\t\t\t<p class=\"woocommerce-form-row woocommerce-form-row--first form-row form-row-first\">\n\t\t\t<label for=\"reg_billing_first_name\">First name\t\t\t\t<span class=\"required\">*<\/span><\/label>\n\t\t\t<input type=\"text\" class=\"input-text\" name=\"billing_first_name\" id=\"reg_billing_first_name\" value=\"\"\/>\n\t\t<\/p>\n\t\t<p class=\"woocommerce-form-row woocommerce-form-row--last form-row form-row-last\">\n\t\t\t<label for=\"reg_billing_last_name\">Last name\t\t\t\t<span class=\"required\">*<\/span><\/label>\n\t\t\t<input type=\"text\" class=\"input-text\" name=\"billing_last_name\" id=\"reg_billing_last_name\" value=\"\"\/>\n\t\t<\/p>\n\t\t<div class=\"clear\"><\/div>\n\t\t\n\t\t\t\t\n\t\t\t\t<p class=\"woocommerce-form-row woocommerce-form-row--wide form-row form-row-wide\">\n\t\t\t\t\t<label for=\"reg_email\">Email address&nbsp;<span\n\t\t\t\t\t\t\tclass=\"required\">*<\/span><span class=\"screen-reader-text\">Required<\/span><\/label>\n\t\t\t\t\t<input type=\"email\" class=\"woocommerce-Input woocommerce-Input--text input-text\" name=\"email\"\n\t\t\t\t\t       id=\"reg_email\" autocomplete=\"email\"\n\t\t\t\t\t       value=\"\" required aria-required=\"true\"\/>\t\t\t\t<\/p>\n\n\t\t\t\t\n\t\t\t\t\t<p>A link to set a new password will be sent to your email address.<\/p>\n\n\t\t\t\t\n\t\t\t\t<wc-order-attribution-inputs><\/wc-order-attribution-inputs><div class=\"woocommerce-privacy-policy-text\"><p>J\u016bs\u0173 asmens duomenys bus naudojami j\u016bs\u0173 u\u017esakymui apdoroti, j\u016bs\u0173 patir\u010diai \u0161ioje svetain\u0117je palaikyti ir kitais m\u016bs\u0173 svetain\u0117je apra\u0161ytais tikslais <a href=\"\" class=\"woocommerce-privacy-policy-link\" target=\"_blank\">privacy policy<\/a>.<\/p>\n<\/div>\n\t\t\t\t<p class=\"woocommerce-form-row form-row\">\n\t\t\t\t\t<input type=\"hidden\" id=\"woocommerce-register-nonce\" name=\"woocommerce-register-nonce\" value=\"0b1a6404f1\" \/><input type=\"hidden\" name=\"_wp_http_referer\" value=\"\/en\/wp-json\/wp\/v2\/pages\/23699\" \/>\t\t\t\t\t<button type=\"submit\"\n\t\t\t\t\t        class=\"woocommerce-Button woocommerce-button button woocommerce-form-register__submit\"\n\t\t\t\t\t        name=\"register\"\n\t\t\t\t\t        value=\"Register\">Register<\/button>\n\t\t\t\t<\/p>\n\n\t\t\t\t\n\t\t\t<\/form>\n\n\t\t<\/div>\n\n\t<\/div>\n\n<\/div>\n\n<\/div>\n","protected":false},"excerpt":{"rendered":"","protected":false},"author":1,"featured_media":0,"parent":0,"menu_order":0,"comment_status":"closed","ping_status":"closed","template":"","meta":{"footnotes":""},"class_list":["post-23699","page","type-page","status-publish","hentry","post-no-thumbnail"],"jetpack_sharing_enabled":true,"_links":{"self":[{"href":"https:\/\/sylencia.lt\/en\/wp-json\/wp\/v2\/pages\/23699","targetHints":{"allow":["GET"]}}],"collection":[{"href":"https:\/\/sylencia.lt\/en\/wp-json\/wp\/v2\/pages"}],"about":[{"href":"https:\/\/sylencia.lt\/en\/wp-json\/wp\/v2\/types\/page"}],"author":[{"embeddable":true,"href":"https:\/\/sylencia.lt\/en\/wp-json\/wp\/v2\/users\/1"}],"replies":[{"embeddable":true,"href":"https:\/\/sylencia.lt\/en\/wp-json\/wp\/v2\/comments?post=23699"}],"version-history":[{"count":3,"href":"https:\/\/sylencia.lt\/en\/wp-json\/wp\/v2\/pages\/23699\/revisions"}],"predecessor-version":[{"id":23702,"href":"https:\/\/sylencia.lt\/en\/wp-json\/wp\/v2\/pages\/23699\/revisions\/23702"}],"wp:attachment":[{"href":"https:\/\/sylencia.lt\/en\/wp-json\/wp\/v2\/media?parent=23699"}],"curies":[{"name":"wp","href":"https:\/\/api.w.org\/{rel}","templated":true}]}}